{"id":114,"date":"2018-08-09T19:51:39","date_gmt":"2018-08-09T19:51:39","guid":{"rendered":"http:\/\/iv-wesseling.de\/?page_id=114"},"modified":"2025-08-22T10:44:32","modified_gmt":"2025-08-22T10:44:32","slug":"mitglied-werden","status":"publish","type":"page","link":"https:\/\/iv-wesseling.de\/?page_id=114","title":{"rendered":"Mitglied werden"},"content":{"rendered":"<h1><em><strong>Innenstadt. Gemeinsam. Stark.<br \/>\n<\/strong><\/em><\/h1>\n<form enctype=\"multipart\/form-data\" method=\"post\" id=\"psfb119\" action=\"https:\/\/iv-wesseling.de\/?page_id=114\" class=\"planso-form-builder\" data-id=\"119\" data-cnt=\"1\" id=\"planso_forms_119_1\" data-locale=\"de\" data-locale_long=\"de_DE\" data-datepicker=\"bootstrap-datetimepicker\" data-date_format=\"F j, Y\" data-moment_date_format=\"MMMM D, YYYY\" data-jqueryui_date_format=\"MM d, yy\" data-eternicode_date_format=\"MM d, yyyy\"><div class=\"container-fluid\"><input type=\"hidden\" name=\"psfb_pageurl\" value=\"https:\/\/iv-wesseling.de\/?page_id=114\"\/><input type=\"hidden\" name=\"psfb_userip\" value=\"216.73.216.1\"\/><input type=\"hidden\" name=\"psfb_useragent\" value=\"Mozilla\/5.0 AppleWebKit\/537.36 (KHTML, like Gecko; compatible; ClaudeBot\/1.0; +claudebot@anthropic.com)\"\/><input type=\"hidden\" name=\"psfb_landingpage\" value=\"http:\/\/iv-wesseling.de\/index.php?rest_route=%2Fwp%2Fv2%2Fpages%2F114\"\/><input type=\"hidden\" name=\"psfb_referer\" value=\"Direct\"\/><input type=\"hidden\" name=\"psfb_page_id\" value=\"114\"\/><input type=\"hidden\" name=\"psfb_form_submit\" value=\"1\"\/><input type=\"hidden\" name=\"psfb_form_id\" value=\"119\"\/><input type=\"hidden\" name=\"psfb_form_cnt\" value=\"1\"\/><div style=\"display:none\"><input type=\"text\" name=\"psfb_hon_as\"\/><\/div><div style=\"display:none\"><input type=\"text\" name=\"psfb_hon_as2\" id=\"psfb_hon_as2_119_1\" value=\"5275ff09d35a8aae19d1cbf539709c19\"\/><\/div><div style=\"display:none\"><input type=\"text\" name=\"psfb_cnt_check\" value=\"1\"\/><\/div><div class=\"row\"><div class=\"col-md-6\"><div class=\"form-group psfb-single-container\"><label class=\"control-label\" for=\"psfield_119_1\">Name \/ Unternehmen \/ Verein<span class=\"psfb_required_mark\">*<\/span><\/label><input type=\"text\" required=\"required\" data-required=\"required\" name=\"Name___Unternehmen___Verein\" value=\"\" class=\"form-control  \" id=\"psfield_119_1\" style=\"\"\/><\/div><\/div><div class=\"col-md-6\"><div class=\"form-group psfb-single-container\"><label class=\"control-label\" for=\"psfield_119_2\">Ansprechpartner<\/label><input type=\"text\" name=\"Ansprechpartner\" value=\"\" class=\"form-control  \" id=\"psfield_119_2\" style=\"\"\/><\/div><\/div><\/div><div class=\"row\"><div class=\"col-md-12\"><div class=\"form-group psfb-single-container\"><label class=\"control-label\" for=\"psfield_119_3\">Anschrift<span class=\"psfb_required_mark\">*<\/span><\/label><input type=\"text\" required=\"required\" data-required=\"required\" name=\"Anschrift\" value=\"\" class=\"form-control  \" id=\"psfield_119_3\" style=\"\"\/><\/div><\/div><\/div><div class=\"row\"><div class=\"col-md-12\"><div class=\"form-group psfb-single-container\"><label class=\"control-label\" for=\"psfield_119_4\">E-Mail<span class=\"psfb_required_mark\">*<\/span><\/label><input type=\"email\" required=\"required\" data-required=\"required\" name=\"E_Mail\" value=\"\" class=\"form-control  \" id=\"psfield_119_4\" style=\"\"\/><\/div><\/div><\/div><div class=\"row\"><div class=\"col-md-6\"><div class=\"form-group psfb-single-container\"><label class=\"control-label\" for=\"psfield_119_5\">Mobiltelefon<\/label><input type=\"tel\" name=\"Mobiltelefon\" value=\"\" class=\"form-control \" id=\"psfield_119_5\" style=\"\"\/><\/div><\/div><div class=\"col-md-6\"><div class=\"form-group psfb-single-container\"><label class=\"control-label\" for=\"psfield_119_6\">Telefon<\/label><input type=\"tel\" name=\"Telefon\" value=\"\" class=\"form-control \" id=\"psfield_119_6\" style=\"\"\/><\/div><\/div><\/div><div class=\"row\"><div class=\"col-md-12\"><div class=\"form-group psfb-single-container\"><label class=\"control-label\" for=\"psfield_119_7\">Newsletter<\/label><div class=\"input-group\"><div class=\"input-group-addon\"><span class=\"fa fa-check\"><\/span><\/div><input type=\"text\" readonly=\"readonly\"  name=\"Newsletter\" placeholder=\"Ja ich m\u00f6chte den Newsletter des Innenstadtvereins Wesseling e.V. erhalten. Meine Entscheidung kann ich jederzeit R\u00fcckg\u00e4ngig machen.\" value=\"\" class=\"form-control  \" id=\"psfield_119_7\" style=\"\"\/><\/div><\/div><\/div><\/div><div class=\"row\"><div class=\"col-md-4\"><div class=\"form-group psfb-single-container\"><label class=\"control-label\" for=\"psfield_119_8\">Privatperson<\/label><div class=\"checkbox_wrapper\"><label class=\"checkbox-inline checkbox_wrapper\" style=\"\"><input type=\"checkbox\" value=\"\" name=\"Privatperson[]\" id=\"psfield_119_8_1\"><\/label><\/div><\/div><\/div><div class=\"col-md-4\"><div class=\"form-group psfb-single-container\"><label class=\"control-label\" for=\"psfield_119_9\">Mindestbeitrag j\u00e4hrlich<\/label><div class=\"input-group\"><div class=\"input-group-addon\"><span class=\"fa fa-eur\"><\/span><\/div><input type=\"text\" readonly=\"readonly\"  name=\"Mindestbeitrag_j_hrlich\" placeholder=\"30\" value=\"\" class=\"form-control  \" id=\"psfield_119_9\" style=\"\"\/><\/div><\/div><\/div><div class=\"col-md-4\"><div class=\"form-group psfb-single-container\"><label class=\"control-label\" for=\"psfield_119_10\">Unser Beitrag j\u00e4hrlich<\/label><div class=\"input-group\"><div class=\"input-group-addon\"><span class=\"fa fa-eur\"><\/span><\/div><input type=\"text\" name=\"Unser_Beitrag_j_hrlich\" value=\"\" class=\"form-control  \" id=\"psfield_119_10\" style=\"\"\/><\/div><\/div><\/div><\/div><div class=\"row\"><div class=\"col-md-4\"><div class=\"form-group psfb-single-container\"><label class=\"control-label\" for=\"psfield_119_11\">Einzelhandels-, Gastronomie-,  Dienstleistungsbetrieb und sonstiger  Gewerbebetrieb<\/label><div class=\"checkbox_wrapper\"><div class=\"checkbox\"><label class=\"checkbox_wrapper\" style=\"\"><input type=\"checkbox\" value=\"\" name=\"Einzelhandels___Gastronomie____Dienstleistungsbetrieb_und_sonstiger__Gewerbebetrieb[]\" id=\"psfield_119_11_1\"><\/label><\/div><\/div><\/div><\/div><div class=\"col-md-4\"><div class=\"form-group psfb-single-container\"><label class=\"control-label\" for=\"psfield_119_12\"> <\/label><div class=\"input-group\"><div class=\"input-group-addon\"><span class=\"fa fa-eur\"><\/span><\/div><input type=\"text\" readonly=\"readonly\"  name=\"_\" placeholder=\"100-200\" value=\"\" class=\"form-control  \" id=\"psfield_119_12\" style=\"\"\/><\/div><\/div><\/div><div class=\"col-md-4\"><div class=\"form-group psfb-single-container\"><label class=\"control-label\" for=\"psfield_119_13\"> <\/label><div class=\"input-group\"><div class=\"input-group-addon\"><span class=\"fa fa-eur\"><\/span><\/div><input type=\"text\" name=\"__1\" value=\"\" class=\"form-control  \" id=\"psfield_119_13\" style=\"\"\/><\/div><\/div><\/div><\/div><div class=\"row\"><div class=\"col-md-4\"><div class=\"form-group psfb-single-container\"><label class=\"control-label\" for=\"psfield_119_14\">Eigent\u00fcmer in der Innenstadt<\/label><div class=\"checkbox_wrapper\"><div class=\"checkbox\"><label class=\"checkbox_wrapper\" style=\"\"><input type=\"checkbox\" value=\"\" name=\"Eigent_mer_in_der_Innenstadt[]\" id=\"psfield_119_14_1\"><\/label><\/div><\/div><\/div><\/div><div class=\"col-md-4\"><div class=\"form-group psfb-single-container\"><label class=\"control-label\" for=\"psfield_119_15\"> <\/label><div class=\"input-group\"><div class=\"input-group-addon\"><span class=\"fa fa-eur\"><\/span><\/div><input type=\"text\" readonly=\"readonly\"  name=\"__2\" placeholder=\"100-200\" value=\"\" class=\"form-control  \" id=\"psfield_119_15\" style=\"\"\/><\/div><\/div><\/div><div class=\"col-md-4\"><div class=\"form-group psfb-single-container\"><label class=\"control-label\" for=\"psfield_119_16\"> <\/label><div class=\"input-group\"><div class=\"input-group-addon\"><span class=\"fa fa-eur\"><\/span><\/div><input type=\"text\" name=\"__3\" value=\"\" class=\"form-control  \" id=\"psfield_119_16\" style=\"\"\/><\/div><\/div><\/div><\/div><div class=\"row\"><div class=\"col-md-4\"><div class=\"form-group psfb-single-container\"><label class=\"control-label\" for=\"psfield_119_17\">Unternehmen \u00fcber 20 Mitarbeiter,  \u00f6ffentlich rechtliche Einrichtungen, Banken<\/label><div class=\"checkbox_wrapper\"><div class=\"checkbox\"><label class=\"checkbox_wrapper\" style=\"\"><input type=\"checkbox\" value=\"\" name=\"Unternehmen__ber_20_Mitarbeiter____ffentlich_rechtliche_Einrichtungen__Banken[]\" id=\"psfield_119_17_1\"><\/label><\/div><\/div><\/div><\/div><div class=\"col-md-4\"><div class=\"form-group psfb-single-container\"><label class=\"control-label\" for=\"psfield_119_18\"> <\/label><div class=\"input-group\"><div class=\"input-group-addon\"><span class=\"fa fa-eur\"><\/span><\/div><input type=\"text\" readonly=\"readonly\"  name=\"__4\" placeholder=\"200\" value=\"\" class=\"form-control  \" id=\"psfield_119_18\" style=\"\"\/><\/div><\/div><\/div><div class=\"col-md-4\"><div class=\"form-group psfb-single-container\"><label class=\"control-label\" for=\"psfield_119_19\"> <\/label><div class=\"input-group\"><div class=\"input-group-addon\"><span class=\"fa fa-eur\"><\/span><\/div><input type=\"text\" name=\"__5\" value=\"\" class=\"form-control  \" id=\"psfield_119_19\" style=\"\"\/><\/div><\/div><\/div><\/div><div class=\"row\"><div class=\"col-md-4\"><div class=\"form-group psfb-single-container\"><label class=\"control-label\" for=\"psfield_119_20\">Unternehmen \u00fcber 20 Mitarbeiter,  \u00f6ffentlich rechtliche Einrichtungen, Banken<\/label><div class=\"checkbox_wrapper\"><div class=\"checkbox\"><label class=\"checkbox_wrapper\" style=\"\"><input type=\"checkbox\" value=\"\" name=\"Unternehmen__ber_20_Mitarbeiter____ffentlich_rechtliche_Einrichtungen__Banken_1[]\" id=\"psfield_119_20_1\"><\/label><\/div><\/div><\/div><\/div><div class=\"col-md-4\"><div class=\"form-group psfb-single-container\"><label class=\"control-label\" for=\"psfield_119_21\"> <\/label><div class=\"input-group\"><div class=\"input-group-addon\"><span class=\"fa fa-eur\"><\/span><\/div><input type=\"text\" readonly=\"readonly\"  name=\"__6\" placeholder=\"200\" value=\"\" class=\"form-control  \" id=\"psfield_119_21\" style=\"\"\/><\/div><\/div><\/div><div class=\"col-md-4\"><div class=\"form-group psfb-single-container\"><label class=\"control-label\" for=\"psfield_119_22\"> <\/label><div class=\"input-group\"><div class=\"input-group-addon\"><span class=\"fa fa-eur\"><\/span><\/div><input type=\"text\" name=\"__7\" value=\"\" class=\"form-control  \" id=\"psfield_119_22\" style=\"\"\/><\/div><\/div><\/div><\/div><div class=\"row\"><div class=\"col-md-4\"><div class=\"form-group psfb-single-container\"><label class=\"control-label\" for=\"psfield_119_23\">Verein\/ gemeinn\u00fctzige Organisation<\/label><div class=\"checkbox_wrapper\"><div class=\"checkbox\"><label class=\"checkbox_wrapper\" style=\"\"><input type=\"checkbox\" value=\"\" name=\"Verein__gemeinn_tzige_Organisation[]\" id=\"psfield_119_23_1\"><\/label><\/div><\/div><\/div><\/div><div class=\"col-md-4\"><div class=\"form-group psfb-single-container\"><label class=\"control-label\" for=\"psfield_119_24\"> <\/label><div class=\"input-group\"><div class=\"input-group-addon\"><span class=\"fa fa-eur\"><\/span><\/div><input type=\"text\" readonly=\"readonly\"  name=\"__8\" placeholder=\"50\" value=\"\" class=\"form-control  \" id=\"psfield_119_24\" style=\"\"\/><\/div><\/div><\/div><div class=\"col-md-4\"><div class=\"form-group psfb-single-container\"><label class=\"control-label\" for=\"psfield_119_25\"> <\/label><div class=\"input-group\"><div class=\"input-group-addon\"><span class=\"fa fa-eur\"><\/span><\/div><input type=\"text\" name=\"__9\" value=\"\" class=\"form-control  \" id=\"psfield_119_25\" style=\"\"\/><\/div><\/div><\/div><\/div><div class=\"row\"><div class=\"col-md-4\"><div class=\"form-group psfb-single-container\"><label class=\"control-label\" for=\"psfield_119_26\">Mitglied im Verein Wesselinger Wirtschaft und  Handel e.V.<\/label><div class=\"checkbox_wrapper\"><div class=\"checkbox\"><label class=\"checkbox_wrapper\" style=\"\"><input type=\"checkbox\" value=\"\" name=\"Mitglied_im_Verein_Wesselinger_Wirtschaft_und__Handel_e_V_[]\" id=\"psfield_119_26_1\"><\/label><\/div><\/div><\/div><\/div><div class=\"col-md-4\"><div class=\"form-group psfb-single-container\"><label class=\"control-label\" for=\"psfield_119_27\"> <\/label><div class=\"input-group\"><div class=\"input-group-addon\"><span class=\"fa fa-eur\"><\/span><\/div><input type=\"text\" readonly=\"readonly\"  name=\"__10\" placeholder=\"30\" value=\"\" class=\"form-control  \" id=\"psfield_119_27\" style=\"\"\/><\/div><\/div><\/div><div class=\"col-md-4\"><div class=\"form-group psfb-single-container\"><label class=\"control-label\" for=\"psfield_119_28\"> <\/label><div class=\"input-group\"><div class=\"input-group-addon\"><span class=\"fa fa-eur\"><\/span><\/div><input type=\"text\" name=\"__11\" value=\"\" class=\"form-control  \" id=\"psfield_119_28\" style=\"\"\/><\/div><\/div><\/div><\/div><div class=\"row\"><div class=\"col-md-12\"><div class=\"form-group psfb-single-container\"><label class=\"control-label\" for=\"psfield_119_29\">Datum<\/label><input type=\"date\" data-psfb_datepicker=\"bootstrap-datetimepicker\" name=\"Datum\" value=\"\" class=\"form-control \" id=\"psfield_119_29\" style=\"\"\/><\/div><\/div><\/div><div class=\"row\"><div class=\"col-md-12\"><div class=\"form-group psfb-single-container\"><div style=\"position:relative;z-index:1;\"><button type=\"submit\" class=\"btn btn-primary     \" id=\"psfield_119_30\" style=\"\">Senden<\/button><\/div><\/div><\/div><\/div><\/div><\/form>\n<p>Der Mitgliedsbeitrag wird im ersten Jahr Ihrer Mitgliedschaft per Rechnung bezahlt. Wir m\u00f6chten Sie bitten uns ein SEPA Lastschriftmandat auszustellen damit wir den Beitrag ab dem zweiten Jahr komfortabel von Ihrem Konto abbuchen k\u00f6nnen.<\/p>\n<p><a href=\"http:\/\/iv-wesseling.de\/wp-content\/uploads\/2018\/08\/SEPA-Lastschriftmandat.pdf\">SEPA-Lastschriftmandat<\/a><\/p>\n<p><a href=\"http:\/\/iv-wesseling.de\/wp-content\/uploads\/2018\/08\/Beitrittserkl\u00e4rung-Website.pdf\">Beitrittserkl\u00e4rung IV Wesseling e.V.<\/a><\/p>\n","protected":false},"excerpt":{"rendered":"<p>Innenstadt. Gemeinsam. Stark. Der Mitgliedsbeitrag wird im ersten Jahr Ihrer Mitgliedschaft per Rechnung bezahlt. Wir m\u00f6chten Sie bitten uns ein SEPA Lastschriftmandat auszustellen damit wir den Beitrag ab dem zweiten Jahr komfortabel von Ihrem Konto abbuchen k\u00f6nnen. SEPA-Lastschriftmandat Beitrittserkl\u00e4rung IV Wesseling e.V.<\/p>\n","protected":false},"author":1,"featured_media":0,"parent":0,"menu_order":0,"comment_status":"closed","ping_status":"closed","template":"","meta":{"footnotes":""},"class_list":["post-114","page","type-page","status-publish","hentry"],"_links":{"self":[{"href":"https:\/\/iv-wesseling.de\/index.php?rest_route=\/wp\/v2\/pages\/114","targetHints":{"allow":["GET"]}}],"collection":[{"href":"https:\/\/iv-wesseling.de\/index.php?rest_route=\/wp\/v2\/pages"}],"about":[{"href":"https:\/\/iv-wesseling.de\/index.php?rest_route=\/wp\/v2\/types\/page"}],"author":[{"embeddable":true,"href":"https:\/\/iv-wesseling.de\/index.php?rest_route=\/wp\/v2\/users\/1"}],"replies":[{"embeddable":true,"href":"https:\/\/iv-wesseling.de\/index.php?rest_route=%2Fwp%2Fv2%2Fcomments&post=114"}],"version-history":[{"count":6,"href":"https:\/\/iv-wesseling.de\/index.php?rest_route=\/wp\/v2\/pages\/114\/revisions"}],"predecessor-version":[{"id":494,"href":"https:\/\/iv-wesseling.de\/index.php?rest_route=\/wp\/v2\/pages\/114\/revisions\/494"}],"wp:attachment":[{"href":"https:\/\/iv-wesseling.de\/index.php?rest_route=%2Fwp%2Fv2%2Fmedia&parent=114"}],"curies":[{"name":"wp","href":"https:\/\/api.w.org\/{rel}","templated":true}]}}