{"id":129,"date":"2018-08-09T20:45:47","date_gmt":"2018-08-09T20:45:47","guid":{"rendered":"http:\/\/iv-wesseling.de\/?page_id=129"},"modified":"2025-08-25T08:32:55","modified_gmt":"2025-08-25T08:32:55","slug":"2018-2","status":"publish","type":"page","link":"https:\/\/iv-wesseling.de\/?page_id=129","title":{"rendered":"Blumenpatenschaften"},"content":{"rendered":"\n<h3 class=\"wp-block-heading\" id=\"werden-auch-sie-blumenpatin-oder-blumenpate\">Werden auch Sie Blumenpatin oder Blumenpate!<\/h3>\n\n\n\n<p>Rund um das Rathaus auf dem Alfons-M\u00fcller-Platz sowie in der Bahnhofstra\u00dfe und der Fu\u00dfg\u00e4ngerzone der Flach-Fengler-Stra\u00dfe stehen Blumenk\u00fcbel der Stadt Wesseling, die durch Patenschaften gepflegt werden k\u00f6nnen. Dazu geh\u00f6rt die Bew\u00e4sserung und das Entfernen von Unrat.<\/p>\n\n\n\n<p>Wenn Sie Interesse an einer Blumenpatenschaft haben, wenden Sie sich einfach an das st\u00e4dtische Citymanagement!\u00a0<\/p>\n\n\n\n<p>Helfen Sie uns, unsere Stadt bl\u00fchend und einladend zu gestalten!<\/p>\n\n\n\n<figure class=\"wp-block-image size-large\"><img loading=\"lazy\" decoding=\"async\" width=\"1024\" height=\"682\" src=\"https:\/\/iv-wesseling.de\/wp-content\/uploads\/2025\/08\/Foto-1024x682.jpg\" alt=\"\" class=\"wp-image-508\" srcset=\"https:\/\/iv-wesseling.de\/wp-content\/uploads\/2025\/08\/Foto-1024x682.jpg 1024w, https:\/\/iv-wesseling.de\/wp-content\/uploads\/2025\/08\/Foto-300x200.jpg 300w, https:\/\/iv-wesseling.de\/wp-content\/uploads\/2025\/08\/Foto-768x512.jpg 768w, https:\/\/iv-wesseling.de\/wp-content\/uploads\/2025\/08\/Foto-1536x1024.jpg 1536w, https:\/\/iv-wesseling.de\/wp-content\/uploads\/2025\/08\/Foto-1200x800.jpg 1200w, https:\/\/iv-wesseling.de\/wp-content\/uploads\/2025\/08\/Foto.jpg 1772w\" sizes=\"auto, (max-width: 709px) 85vw, (max-width: 909px) 67vw, (max-width: 1362px) 62vw, 840px\" \/><\/figure>\n\n\n\n<p><\/p>\n","protected":false},"excerpt":{"rendered":"<p>Werden auch Sie Blumenpatin oder Blumenpate! Rund um das Rathaus auf dem Alfons-M\u00fcller-Platz sowie in der Bahnhofstra\u00dfe und der Fu\u00dfg\u00e4ngerzone der Flach-Fengler-Stra\u00dfe stehen Blumenk\u00fcbel der Stadt Wesseling, die durch Patenschaften gepflegt werden k\u00f6nnen. Dazu geh\u00f6rt die Bew\u00e4sserung und das Entfernen von Unrat. Wenn Sie Interesse an einer Blumenpatenschaft haben, wenden Sie sich einfach an das &hellip; <a href=\"https:\/\/iv-wesseling.de\/?page_id=129\" class=\"more-link\"><span class=\"screen-reader-text\">\u201eBlumenpatenschaften\u201c<\/span> weiterlesen<\/a><\/p>\n","protected":false},"author":1,"featured_media":0,"parent":0,"menu_order":0,"comment_status":"closed","ping_status":"closed","template":"","meta":{"footnotes":""},"class_list":["post-129","page","type-page","status-publish","hentry"],"_links":{"self":[{"href":"https:\/\/iv-wesseling.de\/index.php?rest_route=\/wp\/v2\/pages\/129","targetHints":{"allow":["GET"]}}],"collection":[{"href":"https:\/\/iv-wesseling.de\/index.php?rest_route=\/wp\/v2\/pages"}],"about":[{"href":"https:\/\/iv-wesseling.de\/index.php?rest_route=\/wp\/v2\/types\/page"}],"author":[{"embeddable":true,"href":"https:\/\/iv-wesseling.de\/index.php?rest_route=\/wp\/v2\/users\/1"}],"replies":[{"embeddable":true,"href":"https:\/\/iv-wesseling.de\/index.php?rest_route=%2Fwp%2Fv2%2Fcomments&post=129"}],"version-history":[{"count":21,"href":"https:\/\/iv-wesseling.de\/index.php?rest_route=\/wp\/v2\/pages\/129\/revisions"}],"predecessor-version":[{"id":509,"href":"https:\/\/iv-wesseling.de\/index.php?rest_route=\/wp\/v2\/pages\/129\/revisions\/509"}],"wp:attachment":[{"href":"https:\/\/iv-wesseling.de\/index.php?rest_route=%2Fwp%2Fv2%2Fmedia&parent=129"}],"curies":[{"name":"wp","href":"https:\/\/api.w.org\/{rel}","templated":true}]}}