{"id":132,"date":"2018-08-09T20:46:43","date_gmt":"2018-08-09T20:46:43","guid":{"rendered":"http:\/\/iv-wesseling.de\/?page_id=132"},"modified":"2025-08-25T08:45:11","modified_gmt":"2025-08-25T08:45:11","slug":"2017-2","status":"publish","type":"page","link":"https:\/\/iv-wesseling.de\/?page_id=132","title":{"rendered":"Teilnahme an Feierabendm\u00e4rkten"},"content":{"rendered":"\n<p>Der Innenstadtverein Wesseling setzt sich aktiv f\u00fcr das lebendige Stadtbild und das Gemeinwohl unserer Stadt ein \u2013 und das auch auf den Feierabendm\u00e4rkten. Mit einer Vielzahl an Aktionen sorgt der Verein jedes Jahr f\u00fcr Spa\u00df und Abwechslung. Highlights wie Kinderschminken, Luftballonmodellage und ein beliebtes Kinderkarussell machen die Feierabendm\u00e4rkte zu einem besonderen Erlebnis f\u00fcr die ganze Familie.<\/p>\n\n\n\n<p>Diese tollen Angebote werden vollst\u00e4ndig durch den Innenstadtverein organisiert und finanziert. M\u00f6glich ist dies nur dank der gro\u00dfz\u00fcgigen Unterst\u00fctzung von Spendern und Mitgliedern. Mit einer Spende oder einer Mitgliedschaft im Verein k\u00f6nnen Sie dazu beitragen, dass auch zuk\u00fcnftige Veranstaltungen wie diese weiterhin stattfinden k\u00f6nnen.<\/p>\n\n\n\n<p>Werden Sie Teil unserer Gemeinschaft und unterst\u00fctzen Sie aktiv die Kultur und das Miteinander in Wesseling \u2013 f\u00fcr eine bunte und lebendige Innenstadt, die allen Freude bereitet!<\/p>\n\n\n\n<figure class=\"wp-block-image size-large\"><img loading=\"lazy\" decoding=\"async\" width=\"576\" height=\"1024\" src=\"https:\/\/iv-wesseling.de\/wp-content\/uploads\/2025\/08\/MagicIngo2-1-576x1024.jpg\" alt=\"\" class=\"wp-image-515\" srcset=\"https:\/\/iv-wesseling.de\/wp-content\/uploads\/2025\/08\/MagicIngo2-1-576x1024.jpg 576w, https:\/\/iv-wesseling.de\/wp-content\/uploads\/2025\/08\/MagicIngo2-1-169x300.jpg 169w, https:\/\/iv-wesseling.de\/wp-content\/uploads\/2025\/08\/MagicIngo2-1-768x1365.jpg 768w, https:\/\/iv-wesseling.de\/wp-content\/uploads\/2025\/08\/MagicIngo2-1-864x1536.jpg 864w, https:\/\/iv-wesseling.de\/wp-content\/uploads\/2025\/08\/MagicIngo2-1-1152x2048.jpg 1152w, https:\/\/iv-wesseling.de\/wp-content\/uploads\/2025\/08\/MagicIngo2-1.jpg 1179w\" sizes=\"auto, (max-width: 576px) 85vw, 576px\" \/><\/figure>\n\n\n\n<figure class=\"wp-block-image size-large\"><img loading=\"lazy\" decoding=\"async\" width=\"576\" height=\"1024\" src=\"https:\/\/iv-wesseling.de\/wp-content\/uploads\/2025\/08\/MagicIngo-576x1024.jpg\" alt=\"\" class=\"wp-image-519\" srcset=\"https:\/\/iv-wesseling.de\/wp-content\/uploads\/2025\/08\/MagicIngo-576x1024.jpg 576w, https:\/\/iv-wesseling.de\/wp-content\/uploads\/2025\/08\/MagicIngo-169x300.jpg 169w, https:\/\/iv-wesseling.de\/wp-content\/uploads\/2025\/08\/MagicIngo-768x1365.jpg 768w, https:\/\/iv-wesseling.de\/wp-content\/uploads\/2025\/08\/MagicIngo-864x1536.jpg 864w, https:\/\/iv-wesseling.de\/wp-content\/uploads\/2025\/08\/MagicIngo-1152x2048.jpg 1152w, https:\/\/iv-wesseling.de\/wp-content\/uploads\/2025\/08\/MagicIngo.jpg 1179w\" sizes=\"auto, (max-width: 576px) 85vw, 576px\" \/><\/figure>\n\n\n\n<figure class=\"wp-block-image size-large\"><img loading=\"lazy\" decoding=\"async\" width=\"768\" height=\"1024\" src=\"https:\/\/iv-wesseling.de\/wp-content\/uploads\/2025\/08\/Karussell2-768x1024.jpg\" alt=\"\" class=\"wp-image-516\" srcset=\"https:\/\/iv-wesseling.de\/wp-content\/uploads\/2025\/08\/Karussell2-768x1024.jpg 768w, https:\/\/iv-wesseling.de\/wp-content\/uploads\/2025\/08\/Karussell2-225x300.jpg 225w, https:\/\/iv-wesseling.de\/wp-content\/uploads\/2025\/08\/Karussell2-1152x1536.jpg 1152w, https:\/\/iv-wesseling.de\/wp-content\/uploads\/2025\/08\/Karussell2-1536x2048.jpg 1536w, https:\/\/iv-wesseling.de\/wp-content\/uploads\/2025\/08\/Karussell2-1200x1600.jpg 1200w, https:\/\/iv-wesseling.de\/wp-content\/uploads\/2025\/08\/Karussell2-scaled.jpg 1920w\" sizes=\"auto, (max-width: 768px) 85vw, 768px\" \/><\/figure>\n\n\n\n<figure class=\"wp-block-image size-large\"><img loading=\"lazy\" decoding=\"async\" width=\"576\" height=\"1024\" src=\"https:\/\/iv-wesseling.de\/wp-content\/uploads\/2025\/08\/Kuerbisschnitzen2-576x1024.jpg\" alt=\"\" class=\"wp-image-517\" srcset=\"https:\/\/iv-wesseling.de\/wp-content\/uploads\/2025\/08\/Kuerbisschnitzen2-576x1024.jpg 576w, https:\/\/iv-wesseling.de\/wp-content\/uploads\/2025\/08\/Kuerbisschnitzen2-169x300.jpg 169w, https:\/\/iv-wesseling.de\/wp-content\/uploads\/2025\/08\/Kuerbisschnitzen2-768x1365.jpg 768w, https:\/\/iv-wesseling.de\/wp-content\/uploads\/2025\/08\/Kuerbisschnitzen2-864x1536.jpg 864w, https:\/\/iv-wesseling.de\/wp-content\/uploads\/2025\/08\/Kuerbisschnitzen2-1152x2048.jpg 1152w, https:\/\/iv-wesseling.de\/wp-content\/uploads\/2025\/08\/Kuerbisschnitzen2.jpg 1179w\" sizes=\"auto, (max-width: 576px) 85vw, 576px\" \/><\/figure>\n\n\n\n<figure class=\"wp-block-image size-large\"><img loading=\"lazy\" decoding=\"async\" width=\"768\" height=\"1024\" src=\"https:\/\/iv-wesseling.de\/wp-content\/uploads\/2025\/08\/GluecksradFAM3-768x1024.jpg\" alt=\"\" class=\"wp-image-518\" srcset=\"https:\/\/iv-wesseling.de\/wp-content\/uploads\/2025\/08\/GluecksradFAM3-768x1024.jpg 768w, https:\/\/iv-wesseling.de\/wp-content\/uploads\/2025\/08\/GluecksradFAM3-225x300.jpg 225w, https:\/\/iv-wesseling.de\/wp-content\/uploads\/2025\/08\/GluecksradFAM3-1152x1536.jpg 1152w, https:\/\/iv-wesseling.de\/wp-content\/uploads\/2025\/08\/GluecksradFAM3-1536x2048.jpg 1536w, https:\/\/iv-wesseling.de\/wp-content\/uploads\/2025\/08\/GluecksradFAM3-1200x1600.jpg 1200w, https:\/\/iv-wesseling.de\/wp-content\/uploads\/2025\/08\/GluecksradFAM3-scaled.jpg 1920w\" sizes=\"auto, (max-width: 768px) 85vw, 768px\" \/><\/figure>\n\n\n\n<figure class=\"wp-block-image size-large\"><img loading=\"lazy\" decoding=\"async\" width=\"576\" height=\"1024\" src=\"https:\/\/iv-wesseling.de\/wp-content\/uploads\/2025\/08\/Kinderschminken-1-576x1024.jpg\" alt=\"\" class=\"wp-image-520\" srcset=\"https:\/\/iv-wesseling.de\/wp-content\/uploads\/2025\/08\/Kinderschminken-1-576x1024.jpg 576w, https:\/\/iv-wesseling.de\/wp-content\/uploads\/2025\/08\/Kinderschminken-1-169x300.jpg 169w, https:\/\/iv-wesseling.de\/wp-content\/uploads\/2025\/08\/Kinderschminken-1-768x1365.jpg 768w, https:\/\/iv-wesseling.de\/wp-content\/uploads\/2025\/08\/Kinderschminken-1-864x1536.jpg 864w, https:\/\/iv-wesseling.de\/wp-content\/uploads\/2025\/08\/Kinderschminken-1-1152x2048.jpg 1152w, https:\/\/iv-wesseling.de\/wp-content\/uploads\/2025\/08\/Kinderschminken-1.jpg 1179w\" sizes=\"auto, (max-width: 576px) 85vw, 576px\" \/><\/figure>\n","protected":false},"excerpt":{"rendered":"<p>Der Innenstadtverein Wesseling setzt sich aktiv f\u00fcr das lebendige Stadtbild und das Gemeinwohl unserer Stadt ein \u2013 und das auch auf den Feierabendm\u00e4rkten. Mit einer Vielzahl an Aktionen sorgt der Verein jedes Jahr f\u00fcr Spa\u00df und Abwechslung. Highlights wie Kinderschminken, Luftballonmodellage und ein beliebtes Kinderkarussell machen die Feierabendm\u00e4rkte zu einem besonderen Erlebnis f\u00fcr die ganze &hellip; <a href=\"https:\/\/iv-wesseling.de\/?page_id=132\" class=\"more-link\"><span class=\"screen-reader-text\">\u201eTeilnahme an Feierabendm\u00e4rkten\u201c<\/span> weiterlesen<\/a><\/p>\n","protected":false},"author":1,"featured_media":0,"parent":0,"menu_order":0,"comment_status":"closed","ping_status":"closed","template":"","meta":{"footnotes":""},"class_list":["post-132","page","type-page","status-publish","hentry"],"_links":{"self":[{"href":"https:\/\/iv-wesseling.de\/index.php?rest_route=\/wp\/v2\/pages\/132","targetHints":{"allow":["GET"]}}],"collection":[{"href":"https:\/\/iv-wesseling.de\/index.php?rest_route=\/wp\/v2\/pages"}],"about":[{"href":"https:\/\/iv-wesseling.de\/index.php?rest_route=\/wp\/v2\/types\/page"}],"author":[{"embeddable":true,"href":"https:\/\/iv-wesseling.de\/index.php?rest_route=\/wp\/v2\/users\/1"}],"replies":[{"embeddable":true,"href":"https:\/\/iv-wesseling.de\/index.php?rest_route=%2Fwp%2Fv2%2Fcomments&post=132"}],"version-history":[{"count":9,"href":"https:\/\/iv-wesseling.de\/index.php?rest_route=\/wp\/v2\/pages\/132\/revisions"}],"predecessor-version":[{"id":521,"href":"https:\/\/iv-wesseling.de\/index.php?rest_route=\/wp\/v2\/pages\/132\/revisions\/521"}],"wp:attachment":[{"href":"https:\/\/iv-wesseling.de\/index.php?rest_route=%2Fwp%2Fv2%2Fmedia&parent=132"}],"curies":[{"name":"wp","href":"https:\/\/api.w.org\/{rel}","templated":true}]}}