{"id":53,"date":"2018-05-22T16:08:12","date_gmt":"2018-05-22T16:08:12","guid":{"rendered":"http:\/\/iv-wesseling.de\/?page_id=53"},"modified":"2018-05-24T20:05:34","modified_gmt":"2018-05-24T20:05:34","slug":"der-verein","status":"publish","type":"page","link":"https:\/\/iv-wesseling.de\/?page_id=53","title":{"rendered":"Der Verein"},"content":{"rendered":"<p>Unser Vorstand stellt sich vor:<\/p>\n<p><img loading=\"lazy\" decoding=\"async\" class=\"alignleft size-large wp-image-69\" src=\"http:\/\/iv-wesseling.de\/wp-content\/uploads\/2018\/05\/Innenstadtverein-Vorstand-18-Mai-2017-1024x680.jpg\" alt=\"\" width=\"584\" height=\"388\" srcset=\"https:\/\/iv-wesseling.de\/wp-content\/uploads\/2018\/05\/Innenstadtverein-Vorstand-18-Mai-2017-1024x680.jpg 1024w, https:\/\/iv-wesseling.de\/wp-content\/uploads\/2018\/05\/Innenstadtverein-Vorstand-18-Mai-2017-300x199.jpg 300w, https:\/\/iv-wesseling.de\/wp-content\/uploads\/2018\/05\/Innenstadtverein-Vorstand-18-Mai-2017-768x510.jpg 768w, https:\/\/iv-wesseling.de\/wp-content\/uploads\/2018\/05\/Innenstadtverein-Vorstand-18-Mai-2017-452x300.jpg 452w\" sizes=\"auto, (max-width: 584px) 85vw, 584px\" \/><\/p>\n<p>Vorsitzender Thomas Weibeler &#8211; Optik &amp; H\u00f6rakustik Weibeler<\/p>\n<p>Stellvertretende Vorsitzende Rita Oberscheid- IBD Immobilien<\/p>\n<p>Kassenwart Sebastian Baum &#8211; Kreissparkasse<\/p>\n<p>Schriftf\u00fchrerin Helga Rost &#8211; Autorin und Anwohnerin<\/p>\n<p>Beisitzerinnen Monika Engels-Welter &#8211; stellvertretende B\u00fcrgermeisterin<\/p>\n<p>Madeleine Deutsch &#8211; Haargenau Beyer<\/p>\n<p>Conchita Schneider-R\u00fchle &#8211; Wesselingerin<\/p>\n<p>&nbsp;<\/p>\n<p>&nbsp;<\/p>\n","protected":false},"excerpt":{"rendered":"<p>Unser Vorstand stellt sich vor: Vorsitzender Thomas Weibeler &#8211; Optik &amp; H\u00f6rakustik Weibeler Stellvertretende Vorsitzende Rita Oberscheid- IBD Immobilien Kassenwart Sebastian Baum &#8211; Kreissparkasse Schriftf\u00fchrerin Helga Rost &#8211; Autorin und Anwohnerin Beisitzerinnen Monika Engels-Welter &#8211; stellvertretende B\u00fcrgermeisterin Madeleine Deutsch &#8211; Haargenau Beyer Conchita Schneider-R\u00fchle &#8211; Wesselingerin &nbsp; &nbsp;<\/p>\n","protected":false},"author":1,"featured_media":0,"parent":0,"menu_order":0,"comment_status":"closed","ping_status":"closed","template":"","meta":{"footnotes":""},"class_list":["post-53","page","type-page","status-publish","hentry"],"_links":{"self":[{"href":"https:\/\/iv-wesseling.de\/index.php?rest_route=\/wp\/v2\/pages\/53","targetHints":{"allow":["GET"]}}],"collection":[{"href":"https:\/\/iv-wesseling.de\/index.php?rest_route=\/wp\/v2\/pages"}],"about":[{"href":"https:\/\/iv-wesseling.de\/index.php?rest_route=\/wp\/v2\/types\/page"}],"author":[{"embeddable":true,"href":"https:\/\/iv-wesseling.de\/index.php?rest_route=\/wp\/v2\/users\/1"}],"replies":[{"embeddable":true,"href":"https:\/\/iv-wesseling.de\/index.php?rest_route=%2Fwp%2Fv2%2Fcomments&post=53"}],"version-history":[{"count":4,"href":"https:\/\/iv-wesseling.de\/index.php?rest_route=\/wp\/v2\/pages\/53\/revisions"}],"predecessor-version":[{"id":70,"href":"https:\/\/iv-wesseling.de\/index.php?rest_route=\/wp\/v2\/pages\/53\/revisions\/70"}],"wp:attachment":[{"href":"https:\/\/iv-wesseling.de\/index.php?rest_route=%2Fwp%2Fv2%2Fmedia&parent=53"}],"curies":[{"name":"wp","href":"https:\/\/api.w.org\/{rel}","templated":true}]}}